{"id":4974,"date":"2024-10-17T12:59:10","date_gmt":"2024-10-17T10:59:10","guid":{"rendered":"https:\/\/poggenpohlmallorca.com\/?page_id=4974"},"modified":"2024-12-09T13:51:51","modified_gmt":"2024-12-09T12:51:51","slug":"aviso-de-cookies","status":"publish","type":"page","link":"https:\/\/poggenpohlmallorca.com\/de\/aviso-de-cookies\/","title":{"rendered":"Aviso de cookies"},"content":{"rendered":"<div data-elementor-type=\"wp-page\" data-elementor-id=\"4974\" class=\"elementor elementor-4974\" data-elementor-post-type=\"page\">\n\t\t\t\t<div class=\"elementor-element elementor-element-2602d523 e-flex e-con-boxed e-con e-parent\" data-id=\"2602d523\" data-element_type=\"container\">\n\t\t\t\t\t<div class=\"e-con-inner\">\n\t\t\t\t<div class=\"elementor-element elementor-element-ae35383 elementor-widget elementor-widget-spacer\" data-id=\"ae35383\" data-element_type=\"widget\" data-widget_type=\"spacer.default\">\n\t\t\t\t<div class=\"elementor-widget-container\">\n\t\t\t\t\t<div class=\"elementor-spacer\">\n\t\t\t<div class=\"elementor-spacer-inner\"><\/div>\n\t\t<\/div>\n\t\t\t\t<\/div>\n\t\t\t\t<\/div>\n\t\t\t\t<div class=\"elementor-element elementor-element-993a29e elementor-widget elementor-widget-heading\" data-id=\"993a29e\" data-element_type=\"widget\" data-widget_type=\"heading.default\">\n\t\t\t\t<div class=\"elementor-widget-container\">\n\t\t\t<h2 class=\"elementor-heading-title elementor-size-default\">Aviso de cookies<\/h2>\t\t<\/div>\n\t\t\t\t<\/div>\n\t\t\t\t<div class=\"elementor-element elementor-element-b8dbf63 elementor-widget elementor-widget-text-editor\" data-id=\"b8dbf63\" data-element_type=\"widget\" data-widget_type=\"text-editor.default\">\n\t\t\t\t<div class=\"elementor-widget-container\">\n\t\t\t\t\t\t\t<p><!-- wp:heading --><\/p>\n<h3>\u00bfQu\u00e9 son las cookies?<\/h3>\n<p>Este sitio web utiliza cookies y\/o tecnolog\u00edas similares que almacenan y recuperan informaci\u00f3n cuando navega. En general, estas tecnolog\u00edas pueden servir para finalidades muy diversas, como, por ejemplo, reconocerle como usuario, obtener informaci\u00f3n sobre<br \/>sus h\u00e1bitos de navegaci\u00f3n o personalizar la forma en que se muestra el contenido.<br \/>Existen cookies que son controladas y gestionadas por el propio titular de la Web (son llamadas \u201ccookies propias\u201d) y otras que lo son por terceros (son conocidas<br \/>como \u201ccookies de terceros\u201d), por ejemplo, porque estos proporcionan una herramienta o una funcionalidad integrada a la web.<br \/>Los usos concretos que hacemos de estas tecnolog\u00edas se describen a continuaci\u00f3n.<\/p>\n<h3>\u00bfQu\u00e9 tipo de\u00a0cookies utilizamos y para qu\u00e9?<\/h3>\n<p>En esta web utilizamos los siguientes tipos de cookies:<\/p>\n<h5>1:\u00a0Cookies t\u00e9cnicas o indispensables a la prestaci\u00f3n de los servicios<\/h5>\n<p>Son aquellas que permiten al usuario la navegaci\u00f3n a trav\u00e9s de una p\u00e1gina web, plataforma o aplicaci\u00f3n y la utilizaci\u00f3n de las diferentes opciones o servicios que en ella existan, incluyendo aquellas que se utilizan para permitir la gesti\u00f3n y operativa<br \/>de la p\u00e1gina web y habilitar sus funciones y servicios, como, por ejemplo, controlar el tr\u00e1fico y la comunicaci\u00f3n de datos, identificar la sesi\u00f3n, acceder a partes de acceso restringido, recordar los elementos que integran un pedido, realizar el proceso<br \/>de compra de un pedido, gestionar el pago, controlar el fraude vinculado a la seguridad del servicio, realizar la solicitud de inscripci\u00f3n o participaci\u00f3n en un evento, contar visitas a efectos de la facturaci\u00f3n de licencias del software con el que<br \/>funciona el servicio (sitio web, plataforma o aplicaci\u00f3n), utilizar elementos de seguridad durante la navegaci\u00f3n, almacenar contenidos para la difusi\u00f3n de v\u00eddeos o sonido, habilitar contenidos din\u00e1micos (por ejemplo, animaci\u00f3n de carga de un texto<br \/>o imagen), compartir contenidos a trav\u00e9s de redes sociales.<\/p>\n<p>Tambi\u00e9n se incluyen en esta categor\u00eda las cookies destinadas a la gesti\u00f3n de nuestros espacios publicitarios en base a criterios t\u00e9cnicos como el contenido editado, la frecuencia en la que se muestran los anuncios o el control del origen del cliente potencial<br \/>cuando \u00e9ste haya activado un enlace publicitario desde una web adherida a programas de marketing por afiliaci\u00f3n.<\/p>\n<p>Estas cookies est\u00e1n exceptuadas del cumplimiento de las obligaciones establecidas en el art\u00edculo 22.2 de la LSSI.<\/p>\n<p>Se informa al usuario de que al acceder a contenidos de terceros o de redes sociales que se pueden mostrar en nuestra web, es posible de las entidades responsables de \u00e9stos instalen cookies propias con finalidades que exceden las puramente t\u00e9cnicas. Nosotros<br \/>no tenemos ning\u00fan control sobre estas Cookies, ni realizamos ning\u00fan tratamiento de los datos que puedan recabar.<\/p>\n<p>Puede deshabilitar la instalaci\u00f3n de dichas Cookies mediante la configuraci\u00f3n de su navegador seg\u00fan lo descrito en el apartado \u201c\u00bfC\u00d3MO PUEDO GESTIONAR LAS COOKIES?\u201d. Puede obtener m\u00e1s informaci\u00f3n en las pol\u00edticas de cookies de dichos terceros en los siguientes<br \/>enlaces:<\/p>\n<p><strong>YOUTUBE<\/strong>\u00a0(Responsable: Google, Inc., 1600 Amphitheatre Parkway. Mountain View, CA 94043. EE.UU.)<br \/><a href=\"https:\/\/policies.google.com\/technologies\/cookies?hl=es\">https:\/\/policies.google.com\/technologies\/cookies?hl=es<\/a><\/p>\n<p><strong>TWITTER<\/strong>(Responsable: Twitter, Inc., con domicilio en 1355\u00a0Market\u00a0Street, Suite 900 San Francisco, CA 94103, Estados Unidos.)<br \/><a href=\"https:\/\/help.twitter.com\/es\/rules-and-policies\/twitter-cookies\">https:\/\/help.twitter.com\/es\/rules-and-policies\/twitter-cookies<\/a><\/p>\n<p><strong>FACEBOOK<\/strong>(Responsable: FACEBOOK, INC., con domicilio en 1601 Willow Road, Menlo Park, CA 94025 EE.UU y FACEBOOK SPAIN, S.L., con domicilio en Calle Pinar, 5, MADRID 28006.)<br \/><a href=\"https:\/\/www.facebook.com\/policies\/cookies\/\">https:\/\/www.facebook.com\/policies\/cookies\/<\/a><\/p>\n<p><strong>LINKEDIN<\/strong>\u00a0(Responsable: LinkedIn Ireland Unlimited Company, con domicilio en Wilton Plaza Wilton Place, Dublin 2, Irlanda.)<br \/><a href=\"https:\/\/es.linkedin.com\/legal\/cookie-policy\">https:\/\/es.linkedin.com\/legal\/cookie-policy<\/a><\/p>\n<h5>2: Cookies de personalizaci\u00f3n<\/h5>\n<p>Utilizamos cookies que permiten recordar informaci\u00f3n para que el usuario acceda al servicio con determinadas caracter\u00edsticas que pueden diferenciar su experiencia de la de otros usuarios, como, por ejemplo, el idioma, el aspecto o contenido del servicio<br \/>en funci\u00f3n del tipo de navegador a trav\u00e9s del cual accede al servicio o de la regi\u00f3n desde la que accede al servicio, etc.<\/p>\n<p><strong>Cookies de preferencias o personalizaci\u00f3n propias:<\/strong><\/p>\n<table>\n<tbody>\n<tr>\n<th>Nombre de la cookie<\/th>\n<th>Proveedor<\/th>\n<th>Finalidad<\/th>\n<th>Duraci\u00f3n de la cookie<\/th>\n<\/tr>\n<tr>\n<td>adc_cookies<\/td>\n<td>Propia<\/td>\n<td>Registra las preferencias de cookies del usuario<\/td>\n<td>1 a\u00f1o<\/td>\n<\/tr>\n<tr>\n<td>pll_language<\/td>\n<td>Propia \u2013 Polylang (<a href=\"https:\/\/polylang.pro\/privacy-policy\/\">WP SYNTEX<\/a>)<\/td>\n<td>Registra el idioma seleccionado por el usuario.<\/td>\n<td>1 a\u00f1o<\/td>\n<\/tr>\n<\/tbody>\n<\/table>\n<p>Para aceptar o rechazar el uso de este tipo de cookies puede utilizar el\u00a0<a class=\"reset_adc_cookies_settings\"><strong><u>panel de configuraci\u00f3n de cookies<\/u><\/strong><\/a><\/p>\n<h5>3:\u00a0Cookies de an\u00e1lisis o medici\u00f3n<\/h5>\n<p>Utilizamos cookies de terceros que permiten cuantificar el n\u00famero de usuarios y as\u00ed realizar la medici\u00f3n y an\u00e1lisis estad\u00edstico de la utilizaci\u00f3n que estos hacen del servicio ofertado. Para ello se analiza su navegaci\u00f3n en nuestra p\u00e1gina web con el fin de mejorar los productos o servicios que le ofrecemos.<\/p>\n<p>Consulte el listado de los terceros que tratan la informaci\u00f3n obtenida con estas cookies en el apartado \u201c<strong>Cookies de terceros<\/strong>\u201d<\/p>\n<p>Para aceptar o rechazar el uso de este tipo de cookies puede utilizar el<br \/><a class=\"reset_adc_cookies_settings\"><strong><u>panel de configuraci\u00f3n de cookies<\/u><\/strong><\/a><\/p>\n<h3>Transferencias de datos terceros pa\u00edses<\/h3>\n<p>Puede informarse de las transferencias a terceros pa\u00edses que, en su caso, realizan los terceros identificados en esta pol\u00edtica de cookies en sus correspondientes pol\u00edticas (ver los enlaces facilitados en el apartado \u201ccookies de terceros\u201d).<\/p>\n<h3>Periodo de conservaci\u00f3n de los datos<\/h3>\n<p>Ciertas cookies se cancelan una vez finalizada la navegaci\u00f3n en la web (cookies de sesi\u00f3n) mientras que otras pueden seguir almacenadas en el equipo de los usuarios y ser accedidas por un periodo m\u00e1s largo (cookies persistentes).<\/p>\n<p><strong>Caducidad de las cookies propias<\/strong><\/p>\n<p>Cookies de preferencias o personalizaci\u00f3n: ver caja descriptiva en el apartado \u201c2. cookies de preferencias o personalizaci\u00f3n\u201d)<\/p>\n<p><strong>Caducidad de las cookies de terceros<\/strong><\/p>\n<p>Puede informarse sobre los periodos de conservaci\u00f3n de las cookies de los terceros identificados en esta pol\u00edtica de cookies en sus correspondientes pol\u00edticas (ver los enlaces facilitados en el apartado \u201ccookies de terceros\u201d).<\/p>\n<h3>Tratamientos de datos personales y derechos del interesado<\/h3>\n<p>La instalaci\u00f3n de cookies de terceros puede implicar la recogida de datos personales de navegaci\u00f3n, tales como direcciones ip o identificadores en l\u00ednea por dichas empresas para fines de marketing u otros propios de su responsabilidad. Puede informarse<br \/>Sobre los tratamientos de datos personales que, en su caso, realizan los terceros identificados en esta pol\u00edtica de cookies y sobre el modo de ejercer sus derechos en sus correspondientes pol\u00edticas (ver los enlaces facilitados en el apartado \u201ccookies<br \/>De terceros\u201d).<\/p>\n<p>Respecto a nosotros, la informaci\u00f3n obtenida de las cookies s\u00f3lo podr\u00eda ser asociada a un usuario concreto en caso de que dicho usuario est\u00e9 identificado en la web. de ser as\u00ed, dichos datos ser\u00e1n tratados de conformidad con lo establecido en nuestra pol\u00edtica<br \/>De privacidad web.<\/p>\n<p>En cualquier momento los usuarios afectados podr\u00e1n ejercitar su derecho a solicitar el acceso, la rectificaci\u00f3n o supresi\u00f3n, la limitaci\u00f3n del tratamiento y la portabilidad de sus datos, as\u00ed como a oponerse a su tratamiento y a presentar una reclamaci\u00f3n<br \/>Ante una autoridad de control. M\u00e1s informaci\u00f3n sobre protecci\u00f3n de datos en nuestra pol\u00edtica de privacidad web.<\/p>\n<h3>\u00bfC\u00f3mo puedo gestionar las cookies?<\/h3>\n<p>Puede gestionar las cookies mediante el panel de configuraci\u00f3n o la configuraci\u00f3n de su navegador<\/p>\n<p><a class=\"reset_adc_cookies_settings\"><strong><u>Panel de configuraci\u00f3n de cookies<\/u><\/strong><\/a><\/p>\n<p>Par\u00e1metros del navegador: puede usted permitir o bloquear las cookies, as\u00ed como borrar sus datos de navegaci\u00f3n (incluidas las cookies) desde el navegador que usted utiliza. Consulte las opciones e instrucciones que ofrece su navegador para ello. Tenga<br \/>En cuenta que, si acepta las cookies de terceros, deber\u00e1 eliminarlas desde las opciones del navegador.<\/p>\n<p>Para inhabilitar el uso de cookies publicitarias de terceros, los usuarios pueden igualmente visitar la p\u00e1gina de inhabilitaci\u00f3n de la iniciativa publicitaria de la red (nai, network advertising initiative. P\u00e1gina en ingl\u00e9s: http:\/\/www.Networkadvertising.org\/managing\/opt_out.Asp).<\/p>\n<p>En caso de desactivar las cookies, es posible que no pueda hacer uso de todas las funcionalidades de la web.<\/p>\n<h3>Cookies de terceros<\/h3>\n<table>\n<tbody>\n<tr>\n<th>Tipo de cookie<\/th>\n<th>Name<\/th>\n<th>Duraci\u00f3n<\/th>\n<th>Finalidad<\/th>\n<th>Proveedor<\/th>\n<th>M\u00e1s info<\/th>\n<\/tr>\n<tr>\n<td rowspan=\"3\">An\u00e1lisis o medici\u00f3n<\/td>\n<td>_ga<\/td>\n<td>2 a\u00f1os<\/td>\n<td>Registra una identificaci\u00f3n \u00fanica que se utiliza para generar datos estad\u00edsticos acerca de c\u00f3mo utiliza el visitante el sitio web.<\/td>\n<td rowspan=\"3\">Google, inc., 1600 amphitheatre parkway. Mountain view, ca 94043. ee.uu.<\/td>\n<td rowspan=\"3\">Puede obtener m\u00e1s informaci\u00f3n sobre el funcionamiento de google analytics y las cookies utilizadas por este servicio en los siguientes enlaces:\n<p>\u00a0<\/p>\n<ul>\n<li><a href=\"https:\/\/support.google.com\/analytics\/answer\/6004245\">Protecci\u00f3n de datos analytics<\/a><\/li>\n<li><a href=\"http:\/\/www.google.com\/intl\/es\/policies\/privacy\/\">Privacidad de google<\/a><\/li>\n<\/ul>\n<p>Puede desactivar las cookies de google analytics mediante la instalaci\u00f3n en su navegador del\u00a0<a href=\"https:\/\/tools.google.com\/dlpage\/gaoptout?hl=es\">Complemento de inhabilitaci\u00f3n creado por google y disponible en el este enlace<\/a><\/p>\n<\/td>\n<\/tr>\n<tr>\n<td>_gat<\/td>\n<td>1 minuto<\/td>\n<td>Utilizado por google analytics para controlar la tasa de peticiones.<\/td>\n<\/tr>\n<tr>\n<td>_gid<\/td>\n<td>1 d\u00eda<\/td>\n<td>Registra una identificaci\u00f3n \u00fanica que se utiliza para generar datos estad\u00edsticos acerca de c\u00f3mo utiliza el visitante el sitio web.<\/td>\n<\/tr>\n<\/tbody>\n<\/table>\t\t\t\t\t\t<\/div>\n\t\t\t\t<\/div>\n\t\t\t\t\t<\/div>\n\t\t\t\t<\/div>\n\t\t\t\t<\/div>","protected":false},"excerpt":{"rendered":"<p>Aviso de cookies \u00bfQu\u00e9 son las cookies? Este sitio web utiliza cookies y\/o tecnolog\u00edas similares que almacenan y recuperan informaci\u00f3n cuando navega. En general, estas tecnolog\u00edas pueden servir para finalidades muy diversas, como, por ejemplo, reconocerle como usuario, obtener informaci\u00f3n sobresus h\u00e1bitos de navegaci\u00f3n o personalizar la forma en que se muestra el contenido.Existen cookies [&hellip;]<\/p>","protected":false},"author":1,"featured_media":0,"parent":0,"menu_order":0,"comment_status":"closed","ping_status":"closed","template":"","meta":{"footnotes":""},"class_list":["post-4974","page","type-page","status-publish","hentry"],"yoast_head":"<!-- This site is optimized with the Yoast SEO plugin v24.0 - https:\/\/yoast.com\/wordpress\/plugins\/seo\/ -->\n<title>Aviso de cookies - Poggenpohl Mallorca<\/title>\n<meta name=\"robots\" content=\"index, follow, max-snippet:-1, max-image-preview:large, max-video-preview:-1\" \/>\n<link rel=\"canonical\" href=\"https:\/\/poggenpohlmallorca.com\/de\/aviso-de-cookies\/\" \/>\n<meta property=\"og:locale\" content=\"de_DE\" \/>\n<meta property=\"og:type\" content=\"article\" \/>\n<meta property=\"og:title\" content=\"Aviso de cookies - Poggenpohl Mallorca\" \/>\n<meta property=\"og:description\" content=\"Aviso de cookies \u00bfQu\u00e9 son las cookies? Este sitio web utiliza cookies y\/o tecnolog\u00edas similares que almacenan y recuperan informaci\u00f3n cuando navega. En general, estas tecnolog\u00edas pueden servir para finalidades muy diversas, como, por ejemplo, reconocerle como usuario, obtener informaci\u00f3n sobresus h\u00e1bitos de navegaci\u00f3n o personalizar la forma en que se muestra el contenido.Existen cookies [&hellip;]\" \/>\n<meta property=\"og:url\" content=\"https:\/\/poggenpohlmallorca.com\/de\/aviso-de-cookies\/\" \/>\n<meta property=\"og:site_name\" content=\"Poggenpohl Mallorca\" \/>\n<meta property=\"article:publisher\" content=\"https:\/\/www.facebook.com\/p\/Poggenpohlmallorca-100083286881701\/\" \/>\n<meta property=\"article:modified_time\" content=\"2024-12-09T12:51:51+00:00\" \/>\n<meta name=\"twitter:card\" content=\"summary_large_image\" \/>\n<meta name=\"twitter:label1\" content=\"Est. reading time\" \/>\n\t<meta name=\"twitter:data1\" content=\"7 Minuten\" \/>\n<script type=\"application\/ld+json\" class=\"yoast-schema-graph\">{\"@context\":\"https:\/\/schema.org\",\"@graph\":[{\"@type\":\"WebPage\",\"@id\":\"https:\/\/poggenpohlmallorca.com\/aviso-de-cookies\/\",\"url\":\"https:\/\/poggenpohlmallorca.com\/aviso-de-cookies\/\",\"name\":\"Aviso de cookies - Poggenpohl Mallorca\",\"isPartOf\":{\"@id\":\"https:\/\/poggenpohlmallorca.com\/#website\"},\"datePublished\":\"2024-10-17T10:59:10+00:00\",\"dateModified\":\"2024-12-09T12:51:51+00:00\",\"breadcrumb\":{\"@id\":\"https:\/\/poggenpohlmallorca.com\/aviso-de-cookies\/#breadcrumb\"},\"inLanguage\":\"de\",\"potentialAction\":[{\"@type\":\"ReadAction\",\"target\":[\"https:\/\/poggenpohlmallorca.com\/aviso-de-cookies\/\"]}]},{\"@type\":\"BreadcrumbList\",\"@id\":\"https:\/\/poggenpohlmallorca.com\/aviso-de-cookies\/#breadcrumb\",\"itemListElement\":[{\"@type\":\"ListItem\",\"position\":1,\"name\":\"Home\",\"item\":\"https:\/\/poggenpohlmallorca.com\/\"},{\"@type\":\"ListItem\",\"position\":2,\"name\":\"Aviso de cookies\"}]},{\"@type\":\"WebSite\",\"@id\":\"https:\/\/poggenpohlmallorca.com\/#website\",\"url\":\"https:\/\/poggenpohlmallorca.com\/\",\"name\":\"Poggenpohl Mallorca\",\"description\":\"Cocinas de lujo en Mallorca\",\"publisher\":{\"@id\":\"https:\/\/poggenpohlmallorca.com\/#organization\"},\"potentialAction\":[{\"@type\":\"SearchAction\",\"target\":{\"@type\":\"EntryPoint\",\"urlTemplate\":\"https:\/\/poggenpohlmallorca.com\/?s={search_term_string}\"},\"query-input\":{\"@type\":\"PropertyValueSpecification\",\"valueRequired\":true,\"valueName\":\"search_term_string\"}}],\"inLanguage\":\"de\"},{\"@type\":\"Organization\",\"@id\":\"https:\/\/poggenpohlmallorca.com\/#organization\",\"name\":\"Poggenpohl Mallorca\",\"url\":\"https:\/\/poggenpohlmallorca.com\/\",\"logo\":{\"@type\":\"ImageObject\",\"inLanguage\":\"de\",\"@id\":\"https:\/\/poggenpohlmallorca.com\/#\/schema\/logo\/image\/\",\"url\":\"https:\/\/poggenpohlmallorca.com\/wp-content\/uploads\/2020\/04\/Poggenpohl_Logo_Black.svg\",\"contentUrl\":\"https:\/\/poggenpohlmallorca.com\/wp-content\/uploads\/2020\/04\/Poggenpohl_Logo_Black.svg\",\"width\":75,\"height\":48,\"caption\":\"Poggenpohl Mallorca\"},\"image\":{\"@id\":\"https:\/\/poggenpohlmallorca.com\/#\/schema\/logo\/image\/\"},\"sameAs\":[\"https:\/\/www.facebook.com\/p\/Poggenpohlmallorca-100083286881701\/\",\"https:\/\/www.instagram.com\/poggenpohlmallorca\/\"]}]}<\/script>\n<!-- \/ Yoast SEO plugin. -->","yoast_head_json":{"title":"Aviso de cookies - Poggenpohl Mallorca","robots":{"index":"index","follow":"follow","max-snippet":"max-snippet:-1","max-image-preview":"max-image-preview:large","max-video-preview":"max-video-preview:-1"},"canonical":"https:\/\/poggenpohlmallorca.com\/de\/aviso-de-cookies\/","og_locale":"de_DE","og_type":"article","og_title":"Aviso de cookies - Poggenpohl Mallorca","og_description":"Aviso de cookies \u00bfQu\u00e9 son las cookies? Este sitio web utiliza cookies y\/o tecnolog\u00edas similares que almacenan y recuperan informaci\u00f3n cuando navega. En general, estas tecnolog\u00edas pueden servir para finalidades muy diversas, como, por ejemplo, reconocerle como usuario, obtener informaci\u00f3n sobresus h\u00e1bitos de navegaci\u00f3n o personalizar la forma en que se muestra el contenido.Existen cookies [&hellip;]","og_url":"https:\/\/poggenpohlmallorca.com\/de\/aviso-de-cookies\/","og_site_name":"Poggenpohl Mallorca","article_publisher":"https:\/\/www.facebook.com\/p\/Poggenpohlmallorca-100083286881701\/","article_modified_time":"2024-12-09T12:51:51+00:00","twitter_card":"summary_large_image","twitter_misc":{"Est. reading time":"7 Minuten"},"schema":{"@context":"https:\/\/schema.org","@graph":[{"@type":"WebPage","@id":"https:\/\/poggenpohlmallorca.com\/aviso-de-cookies\/","url":"https:\/\/poggenpohlmallorca.com\/aviso-de-cookies\/","name":"Aviso de cookies - Poggenpohl Mallorca","isPartOf":{"@id":"https:\/\/poggenpohlmallorca.com\/#website"},"datePublished":"2024-10-17T10:59:10+00:00","dateModified":"2024-12-09T12:51:51+00:00","breadcrumb":{"@id":"https:\/\/poggenpohlmallorca.com\/aviso-de-cookies\/#breadcrumb"},"inLanguage":"de","potentialAction":[{"@type":"ReadAction","target":["https:\/\/poggenpohlmallorca.com\/aviso-de-cookies\/"]}]},{"@type":"BreadcrumbList","@id":"https:\/\/poggenpohlmallorca.com\/aviso-de-cookies\/#breadcrumb","itemListElement":[{"@type":"ListItem","position":1,"name":"Home","item":"https:\/\/poggenpohlmallorca.com\/"},{"@type":"ListItem","position":2,"name":"Aviso de cookies"}]},{"@type":"WebSite","@id":"https:\/\/poggenpohlmallorca.com\/#website","url":"https:\/\/poggenpohlmallorca.com\/","name":"Poggenpohl Mallorca","description":"Cocinas de lujo en Mallorca","publisher":{"@id":"https:\/\/poggenpohlmallorca.com\/#organization"},"potentialAction":[{"@type":"SearchAction","target":{"@type":"EntryPoint","urlTemplate":"https:\/\/poggenpohlmallorca.com\/?s={search_term_string}"},"query-input":{"@type":"PropertyValueSpecification","valueRequired":true,"valueName":"search_term_string"}}],"inLanguage":"de"},{"@type":"Organization","@id":"https:\/\/poggenpohlmallorca.com\/#organization","name":"Poggenpohl Mallorca","url":"https:\/\/poggenpohlmallorca.com\/","logo":{"@type":"ImageObject","inLanguage":"de","@id":"https:\/\/poggenpohlmallorca.com\/#\/schema\/logo\/image\/","url":"https:\/\/poggenpohlmallorca.com\/wp-content\/uploads\/2020\/04\/Poggenpohl_Logo_Black.svg","contentUrl":"https:\/\/poggenpohlmallorca.com\/wp-content\/uploads\/2020\/04\/Poggenpohl_Logo_Black.svg","width":75,"height":48,"caption":"Poggenpohl Mallorca"},"image":{"@id":"https:\/\/poggenpohlmallorca.com\/#\/schema\/logo\/image\/"},"sameAs":["https:\/\/www.facebook.com\/p\/Poggenpohlmallorca-100083286881701\/","https:\/\/www.instagram.com\/poggenpohlmallorca\/"]}]}},"_links":{"self":[{"href":"https:\/\/poggenpohlmallorca.com\/de\/wp-json\/wp\/v2\/pages\/4974"}],"collection":[{"href":"https:\/\/poggenpohlmallorca.com\/de\/wp-json\/wp\/v2\/pages"}],"about":[{"href":"https:\/\/poggenpohlmallorca.com\/de\/wp-json\/wp\/v2\/types\/page"}],"author":[{"embeddable":true,"href":"https:\/\/poggenpohlmallorca.com\/de\/wp-json\/wp\/v2\/users\/1"}],"replies":[{"embeddable":true,"href":"https:\/\/poggenpohlmallorca.com\/de\/wp-json\/wp\/v2\/comments?post=4974"}],"version-history":[{"count":10,"href":"https:\/\/poggenpohlmallorca.com\/de\/wp-json\/wp\/v2\/pages\/4974\/revisions"}],"predecessor-version":[{"id":5257,"href":"https:\/\/poggenpohlmallorca.com\/de\/wp-json\/wp\/v2\/pages\/4974\/revisions\/5257"}],"wp:attachment":[{"href":"https:\/\/poggenpohlmallorca.com\/de\/wp-json\/wp\/v2\/media?parent=4974"}],"curies":[{"name":"wp","href":"https:\/\/api.w.org\/{rel}","templated":true}]}}