{"id":4167,"date":"2020-07-17T03:22:29","date_gmt":"2020-07-17T03:22:29","guid":{"rendered":"http:\/\/wpdemo.archiwp.com\/theratio\/?page_id=4167"},"modified":"2024-10-17T12:29:07","modified_gmt":"2024-10-17T10:29:07","slug":"nuestros-proyectos","status":"publish","type":"page","link":"https:\/\/poggenpohlmallorca.com\/en\/nuestros-proyectos\/","title":{"rendered":"Our projects"},"content":{"rendered":"<div data-elementor-type=\"wp-page\" data-elementor-id=\"4167\" class=\"elementor elementor-4167\" data-elementor-post-type=\"page\">\n\t\t\t\t\t\t<section class=\"elementor-section elementor-top-section elementor-element elementor-element-51c7445 elementor-section-boxed elementor-section-height-default elementor-section-height-default\" data-id=\"51c7445\" data-element_type=\"section\">\n\t\t\t\t\t\t<div class=\"elementor-container elementor-column-gap-default\">\n\t\t\t\t\t<div class=\"elementor-column elementor-col-100 elementor-top-column elementor-element elementor-element-8f607c9 ot-flex-column-vertical\" data-id=\"8f607c9\" data-element_type=\"column\">\n\t\t\t<div class=\"elementor-widget-wrap elementor-element-populated\">\n\t\t\t\t\t\t<div class=\"elementor-element elementor-element-058bfbb theratio-align-center elementor-widget elementor-widget-iheading\" data-id=\"058bfbb\" data-element_type=\"widget\" data-widget_type=\"iheading.default\">\n\t\t\t\t<div class=\"elementor-widget-container\">\n\t\t\t\t\t<div class=\"ot-heading is-dots\">\r\n\t        <span>[ our designs ]<\/span>\t        <h2 class=\"main-heading\">Some projects<br\/>for our customers<\/h2>\t    <\/div>\r\n\t    \t\t<\/div>\n\t\t\t\t<\/div>\n\t\t\t\t<div class=\"elementor-element elementor-element-d386e2b elementor-widget elementor-widget-ipfilter\" data-id=\"d386e2b\" data-element_type=\"widget\" data-widget_type=\"ipfilter.default\">\n\t\t\t\t<div class=\"elementor-widget-container\">\n\t\t\t\r\n\t\t<div class=\"project-filter-wrapper\">\r\n\t\t\t\t        \t<div class=\"container\">\r\n\t        \t\t<ul class=\"project_filters\">\r\n\t        \t\t\t\t        \t\t\t \t<li><a href=\"#\" data-filter=\"*\" class=\"selected btn-details\">All<\/a><\/li>\r\n\t        \t\t\t\t\t                \t\t                    <li>\r\n\t\t\t\t\t\t\t\t<a class=\"btn-details\" href='#' data-filter='.category-35'>+Cuore<\/a>\r\n\t\t\t\t\t\t\t<\/li>\t                    \r\n\t\t                \t\t                    <li>\r\n\t\t\t\t\t\t\t\t<a class=\"btn-details\" href='#' data-filter='.category-32'>+Segmento<\/a>\r\n\t\t\t\t\t\t\t<\/li>\t                    \r\n\t\t                \t\t\t\t\t<\/ul>\r\n\t\t\t\t<\/div>\r\n\t        \t\t\t\t        <div class=\"projects-grid pf_3_cols style-5 img-scale w-auto\" data-load=\"3\" data-count=\"2\">\r\n\t\t\t<div class=\"grid-sizer\"><\/div>\r\n\t            \r\n<div class=\"project-item category-32\">\r\n\t<div class=\"projects-box\">\r\n\t\t<div class=\"projects-thumbnail\" data-src=\"https:\/\/poggenpohlmallorca.com\/wp-content\/uploads\/2024\/10\/cabecera_proyecto_fs_canyamel.jpg\" data-sub-html=\"Proyecto FS\">\r\n\t\t\t<a href=\"https:\/\/poggenpohlmallorca.com\/en\/portfolio\/proyecto-cocina-fs-canyamel-mallorca\/\">\r\n\t\t\t\t<img fetchpriority=\"high\" decoding=\"async\" width=\"720\" height=\"597\" src=\"https:\/\/poggenpohlmallorca.com\/wp-content\/uploads\/2024\/10\/cabecera_proyecto_fs_canyamel-720x597.jpg\" class=\"attachment-theratio-portfolio-thumbnail-grid size-theratio-portfolio-thumbnail-grid wp-post-image\" alt=\"\" \/>\t\t\t<\/a>\r\n\t\t\t\r\n\t\t\t<span class=\"overlay\">\r\n\t\t\t\t<h5>FS Project<\/h5>\r\n\t\t\t\t<i class=\"ot-flaticon-add\"><\/i>\r\n\t\t\t<\/span>\r\n\t\t<\/div>\r\n\t\t<div class=\"portfolio-info\">\r\n\t\t\t<div class=\"portfolio-info-inner\">\r\n\t\t\t\t<h5><a class=\"title-link\" href=\"https:\/\/poggenpohlmallorca.com\/en\/portfolio\/proyecto-cocina-fs-canyamel-mallorca\/\" data-src=\"https:\/\/poggenpohlmallorca.com\/wp-content\/uploads\/2024\/10\/cabecera_proyecto_fs_canyamel.jpg\" data-sub-html=\"Proyecto FS\">FS Project<\/a><\/h5>\r\n\t\t\t\t<p class=\"portfolio-cates\"><a href=\"https:\/\/poggenpohlmallorca.com\/en\/portfolio-category\/segmento\/\">+Segmento<\/a><\/p> \r\n\t\t\t<\/div>\r\n\t\t\t<a class=\"overlay\" href=\"https:\/\/poggenpohlmallorca.com\/en\/portfolio\/proyecto-cocina-fs-canyamel-mallorca\/\"><\/a>\r\n\t\t<\/div>\r\n\t<\/div>\r\n<\/div>\r\n<div class=\"project-item category-35\">\r\n\t<div class=\"projects-box\">\r\n\t\t<div class=\"projects-thumbnail\" data-src=\"https:\/\/poggenpohlmallorca.com\/wp-content\/uploads\/2024\/10\/cabecera_proyecto_chs.jpg\" data-sub-html=\"Proyecto CHS\">\r\n\t\t\t<a href=\"https:\/\/poggenpohlmallorca.com\/en\/portfolio\/proyecto-cocina-chs\/\">\r\n\t\t\t\t<img decoding=\"async\" width=\"720\" height=\"597\" src=\"https:\/\/poggenpohlmallorca.com\/wp-content\/uploads\/2024\/10\/cabecera_proyecto_chs-720x597.jpg\" class=\"attachment-theratio-portfolio-thumbnail-grid size-theratio-portfolio-thumbnail-grid wp-post-image\" alt=\"\" \/>\t\t\t<\/a>\r\n\t\t\t\r\n\t\t\t<span class=\"overlay\">\r\n\t\t\t\t<h5>CHS Project<\/h5>\r\n\t\t\t\t<i class=\"ot-flaticon-add\"><\/i>\r\n\t\t\t<\/span>\r\n\t\t<\/div>\r\n\t\t<div class=\"portfolio-info\">\r\n\t\t\t<div class=\"portfolio-info-inner\">\r\n\t\t\t\t<h5><a class=\"title-link\" href=\"https:\/\/poggenpohlmallorca.com\/en\/portfolio\/proyecto-cocina-chs\/\" data-src=\"https:\/\/poggenpohlmallorca.com\/wp-content\/uploads\/2024\/10\/cabecera_proyecto_chs.jpg\" data-sub-html=\"Proyecto CHS\">CHS Project<\/a><\/h5>\r\n\t\t\t\t<p class=\"portfolio-cates\"><a href=\"https:\/\/poggenpohlmallorca.com\/en\/portfolio-category\/cuore\/\">+Cuore<\/a><\/p> \r\n\t\t\t<\/div>\r\n\t\t\t<a class=\"overlay\" href=\"https:\/\/poggenpohlmallorca.com\/en\/portfolio\/proyecto-cocina-chs\/\"><\/a>\r\n\t\t<\/div>\r\n\t<\/div>\r\n<\/div>\t\t\t<\/div>\r\n\r\n\t\t\t\t    <\/div>\r\n\t\t\t\t\t\t\t\t\t\t\r\n\t    \t\t<\/div>\n\t\t\t\t<\/div>\n\t\t\t\t\t<\/div>\n\t\t<\/div>\n\t\t\t\t\t<\/div>\n\t\t<\/section>\n\t\t\t\t<section class=\"elementor-section elementor-top-section elementor-element elementor-element-d70c9b0 elementor-section-content-middle elementor-section-boxed elementor-section-height-default elementor-section-height-default\" data-id=\"d70c9b0\" data-element_type=\"section\" data-settings=\"{&quot;background_background&quot;:&quot;classic&quot;}\">\n\t\t\t\t\t\t<div class=\"elementor-container elementor-column-gap-extended\">\n\t\t\t\t\t<div class=\"elementor-column elementor-col-66 elementor-top-column elementor-element elementor-element-cf88f52 ot-flex-column-vertical\" data-id=\"cf88f52\" data-element_type=\"column\">\n\t\t\t<div class=\"elementor-widget-wrap elementor-element-populated\">\n\t\t\t\t\t\t<div class=\"elementor-element elementor-element-641a6cf elementor-widget elementor-widget-heading\" data-id=\"641a6cf\" data-element_type=\"widget\" data-widget_type=\"heading.default\">\n\t\t\t\t<div class=\"elementor-widget-container\">\n\t\t\t<h2 class=\"elementor-heading-title elementor-size-default\">Do you want to see our full range of products in detail?<\/h2>\t\t<\/div>\n\t\t\t\t<\/div>\n\t\t\t\t<div class=\"elementor-element elementor-element-9d8a706 elementor-widget elementor-widget-text-editor\" data-id=\"9d8a706\" data-element_type=\"widget\" data-widget_type=\"text-editor.default\">\n\t\t\t\t<div class=\"elementor-widget-container\">\n\t\t\t\t\t\t\t<p>Leave us your data and we will send you the catalog as soon as possible.<\/p>\t\t\t\t\t\t<\/div>\n\t\t\t\t<\/div>\n\t\t\t\t\t<\/div>\n\t\t<\/div>\n\t\t\t\t<div class=\"elementor-column elementor-col-33 elementor-top-column elementor-element elementor-element-ee3b022 ot-flex-column-vertical\" data-id=\"ee3b022\" data-element_type=\"column\">\n\t\t\t<div class=\"elementor-widget-wrap elementor-element-populated\">\n\t\t\t\t\t\t<div class=\"elementor-element elementor-element-929eddc elementor-button-align-stretch elementor-widget elementor-widget-form\" data-id=\"929eddc\" data-element_type=\"widget\" data-settings=\"{&quot;button_width&quot;:&quot;66&quot;,&quot;step_next_label&quot;:&quot;Next&quot;,&quot;step_previous_label&quot;:&quot;Previous&quot;,&quot;step_type&quot;:&quot;number_text&quot;,&quot;step_icon_shape&quot;:&quot;circle&quot;}\" data-widget_type=\"form.default\">\n\t\t\t\t<div class=\"elementor-widget-container\">\n\t\t\t\t\t<form class=\"elementor-form\" method=\"post\" name=\"Solicitud catalogo\">\n\t\t\t<input type=\"hidden\" name=\"post_id\" value=\"4167\"\/>\n\t\t\t<input type=\"hidden\" name=\"form_id\" value=\"929eddc\"\/>\n\t\t\t<input type=\"hidden\" name=\"referer_title\" value=\"Nuestros proyectos - Poggenpohl Mallorca\" \/>\n\n\t\t\t\t\t\t\t<input type=\"hidden\" name=\"queried_id\" value=\"4167\"\/>\n\t\t\t\n\t\t\t<div class=\"elementor-form-fields-wrapper elementor-labels-\">\n\t\t\t\t\t\t\t\t<div class=\"elementor-field-type-text elementor-field-group elementor-column elementor-field-group-name elementor-col-100 elementor-field-required\">\n\t\t\t\t\t\t\t\t\t\t\t\t<label for=\"form-field-name\" class=\"elementor-field-label elementor-screen-only\">\n\t\t\t\t\t\t\t\tName\t\t\t\t\t\t\t<\/label>\n\t\t\t\t\t\t\t\t\t\t\t\t\t\t<input size=\"1\" type=\"text\" name=\"form_fields[name]\" id=\"form-field-name\" class=\"elementor-field elementor-size-md  elementor-field-textual\" placeholder=\"Name\" required=\"required\" aria-required=\"true\">\n\t\t\t\t\t\t\t\t\t\t\t<\/div>\n\t\t\t\t\t\t\t\t<div class=\"elementor-field-type-email elementor-field-group elementor-column elementor-field-group-email elementor-col-100 elementor-field-required\">\n\t\t\t\t\t\t\t\t\t\t\t\t<label for=\"form-field-email\" class=\"elementor-field-label elementor-screen-only\">\n\t\t\t\t\t\t\t\tEmail\t\t\t\t\t\t\t<\/label>\n\t\t\t\t\t\t\t\t\t\t\t\t\t\t<input size=\"1\" type=\"email\" name=\"form_fields[email]\" id=\"form-field-email\" class=\"elementor-field elementor-size-md  elementor-field-textual\" placeholder=\"Email\" required=\"required\" aria-required=\"true\">\n\t\t\t\t\t\t\t\t\t\t\t<\/div>\n\t\t\t\t\t\t\t\t<div class=\"elementor-field-type-tel elementor-field-group elementor-column elementor-field-group-field_a86a2e5 elementor-col-100\">\n\t\t\t\t\t\t\t\t\t\t\t\t<label for=\"form-field-field_a86a2e5\" class=\"elementor-field-label elementor-screen-only\">\n\t\t\t\t\t\t\t\tPhone number\t\t\t\t\t\t\t<\/label>\n\t\t\t\t\t\t\t\t<input size=\"1\" type=\"tel\" name=\"form_fields[field_a86a2e5]\" id=\"form-field-field_a86a2e5\" class=\"elementor-field elementor-size-md  elementor-field-textual\" placeholder=\"Phone number\" pattern=\"[0-9()#&amp;+*-=.]+\" title=\"Only numbers and phone characters (#, -, *, etc) are accepted.\" data-no-translation-title=\"\">\n\n\t\t\t\t\t\t<\/div>\n\t\t\t\t\t\t\t\t<div class=\"elementor-field-group elementor-column elementor-field-type-submit elementor-col-66 e-form__buttons\">\n\t\t\t\t\t<button class=\"elementor-button elementor-size-md\" type=\"submit\">\n\t\t\t\t\t\t<span class=\"elementor-button-content-wrapper\">\n\t\t\t\t\t\t\t\t\t\t\t\t\t\t\t\t\t\t\t\t\t\t<span class=\"elementor-button-text\">Catalog request<\/span>\n\t\t\t\t\t\t\t\t\t\t\t\t\t<\/span>\n\t\t\t\t\t<\/button>\n\t\t\t\t<\/div>\n\t\t\t<\/div>\n\t\t<input type=\"hidden\" name=\"trp-form-language\" value=\"en\"\/><\/form>\n\t\t\t\t<\/div>\n\t\t\t\t<\/div>\n\t\t\t\t\t<\/div>\n\t\t<\/div>\n\t\t\t\t\t<\/div>\n\t\t<\/section>\n\t\t\t\t<\/div>","protected":false},"excerpt":{"rendered":"<p>[ nuestros dise\u00f1os ] Algunos proyectospara nuestros clientes Todos +Modo Doble Doble +Modo Cocina rosa en Calvi\u00e0 Cocina rosa en Calvi\u00e0 +Modo Kitchen for Small family Kitchen for Small family Loft Kitchen Interior doble Loft Kitchen Interior doble +Modo Loft Kitchen Interior #6 Loft Kitchen Interior #6 +Modo Loft Kitchen Interior #5 Loft Kitchen Interior [&hellip;]<\/p>","protected":false},"author":1,"featured_media":0,"parent":0,"menu_order":0,"comment_status":"closed","ping_status":"closed","template":"","meta":{"footnotes":""},"class_list":["post-4167","page","type-page","status-publish","hentry"],"yoast_head":"<!-- This site is optimized with the Yoast SEO plugin v24.0 - https:\/\/yoast.com\/wordpress\/plugins\/seo\/ -->\n<title>Nuestros proyectos - Poggenpohl Mallorca<\/title>\n<meta name=\"robots\" content=\"index, follow, max-snippet:-1, max-image-preview:large, max-video-preview:-1\" \/>\n<link rel=\"canonical\" href=\"https:\/\/poggenpohlmallorca.com\/en\/nuestros-proyectos\/\" \/>\n<meta property=\"og:locale\" content=\"en_US\" \/>\n<meta property=\"og:type\" content=\"article\" \/>\n<meta property=\"og:title\" content=\"Nuestros proyectos - Poggenpohl Mallorca\" \/>\n<meta property=\"og:description\" content=\"[ nuestros dise\u00f1os ] Algunos proyectospara nuestros clientes Todos +Modo Doble Doble +Modo Cocina rosa en Calvi\u00e0 Cocina rosa en Calvi\u00e0 +Modo Kitchen for Small family Kitchen for Small family Loft Kitchen Interior doble Loft Kitchen Interior doble +Modo Loft Kitchen Interior #6 Loft Kitchen Interior #6 +Modo Loft Kitchen Interior #5 Loft Kitchen Interior [&hellip;]\" \/>\n<meta property=\"og:url\" content=\"https:\/\/poggenpohlmallorca.com\/en\/nuestros-proyectos\/\" \/>\n<meta property=\"og:site_name\" content=\"Poggenpohl Mallorca\" \/>\n<meta property=\"article:publisher\" content=\"https:\/\/www.facebook.com\/p\/Poggenpohlmallorca-100083286881701\/\" \/>\n<meta property=\"article:modified_time\" content=\"2024-10-17T10:29:07+00:00\" \/>\n<meta property=\"og:image\" content=\"https:\/\/poggenpohlmallorca.com\/wp-content\/uploads\/2024\/10\/encimera_thumbnail_test-720x720.png\" \/>\n<meta name=\"twitter:card\" content=\"summary_large_image\" \/>\n<script type=\"application\/ld+json\" class=\"yoast-schema-graph\">{\"@context\":\"https:\/\/schema.org\",\"@graph\":[{\"@type\":\"WebPage\",\"@id\":\"https:\/\/poggenpohlmallorca.com\/nuestros-proyectos\/\",\"url\":\"https:\/\/poggenpohlmallorca.com\/nuestros-proyectos\/\",\"name\":\"Nuestros proyectos - Poggenpohl Mallorca\",\"isPartOf\":{\"@id\":\"https:\/\/poggenpohlmallorca.com\/#website\"},\"primaryImageOfPage\":{\"@id\":\"https:\/\/poggenpohlmallorca.com\/nuestros-proyectos\/#primaryimage\"},\"image\":{\"@id\":\"https:\/\/poggenpohlmallorca.com\/nuestros-proyectos\/#primaryimage\"},\"thumbnailUrl\":\"https:\/\/poggenpohlmallorca.com\/wp-content\/uploads\/2024\/10\/encimera_thumbnail_test-720x720.png\",\"datePublished\":\"2020-07-17T03:22:29+00:00\",\"dateModified\":\"2024-10-17T10:29:07+00:00\",\"breadcrumb\":{\"@id\":\"https:\/\/poggenpohlmallorca.com\/nuestros-proyectos\/#breadcrumb\"},\"inLanguage\":\"en-US\",\"potentialAction\":[{\"@type\":\"ReadAction\",\"target\":[\"https:\/\/poggenpohlmallorca.com\/nuestros-proyectos\/\"]}]},{\"@type\":\"ImageObject\",\"inLanguage\":\"en-US\",\"@id\":\"https:\/\/poggenpohlmallorca.com\/nuestros-proyectos\/#primaryimage\",\"url\":\"https:\/\/poggenpohlmallorca.com\/wp-content\/uploads\/2024\/10\/encimera_thumbnail_test-720x720.png\",\"contentUrl\":\"https:\/\/poggenpohlmallorca.com\/wp-content\/uploads\/2024\/10\/encimera_thumbnail_test-720x720.png\"},{\"@type\":\"BreadcrumbList\",\"@id\":\"https:\/\/poggenpohlmallorca.com\/nuestros-proyectos\/#breadcrumb\",\"itemListElement\":[{\"@type\":\"ListItem\",\"position\":1,\"name\":\"Home\",\"item\":\"https:\/\/poggenpohlmallorca.com\/\"},{\"@type\":\"ListItem\",\"position\":2,\"name\":\"Nuestros proyectos\"}]},{\"@type\":\"WebSite\",\"@id\":\"https:\/\/poggenpohlmallorca.com\/#website\",\"url\":\"https:\/\/poggenpohlmallorca.com\/\",\"name\":\"Poggenpohl Mallorca\",\"description\":\"Cocinas de lujo en Mallorca\",\"publisher\":{\"@id\":\"https:\/\/poggenpohlmallorca.com\/#organization\"},\"potentialAction\":[{\"@type\":\"SearchAction\",\"target\":{\"@type\":\"EntryPoint\",\"urlTemplate\":\"https:\/\/poggenpohlmallorca.com\/?s={search_term_string}\"},\"query-input\":{\"@type\":\"PropertyValueSpecification\",\"valueRequired\":true,\"valueName\":\"search_term_string\"}}],\"inLanguage\":\"en-US\"},{\"@type\":\"Organization\",\"@id\":\"https:\/\/poggenpohlmallorca.com\/#organization\",\"name\":\"Poggenpohl Mallorca\",\"url\":\"https:\/\/poggenpohlmallorca.com\/\",\"logo\":{\"@type\":\"ImageObject\",\"inLanguage\":\"en-US\",\"@id\":\"https:\/\/poggenpohlmallorca.com\/#\/schema\/logo\/image\/\",\"url\":\"https:\/\/poggenpohlmallorca.com\/wp-content\/uploads\/2020\/04\/Poggenpohl_Logo_Black.svg\",\"contentUrl\":\"https:\/\/poggenpohlmallorca.com\/wp-content\/uploads\/2020\/04\/Poggenpohl_Logo_Black.svg\",\"width\":75,\"height\":48,\"caption\":\"Poggenpohl Mallorca\"},\"image\":{\"@id\":\"https:\/\/poggenpohlmallorca.com\/#\/schema\/logo\/image\/\"},\"sameAs\":[\"https:\/\/www.facebook.com\/p\/Poggenpohlmallorca-100083286881701\/\",\"https:\/\/www.instagram.com\/poggenpohlmallorca\/\"]}]}<\/script>\n<!-- \/ Yoast SEO plugin. -->","yoast_head_json":{"title":"Nuestros proyectos - Poggenpohl Mallorca","robots":{"index":"index","follow":"follow","max-snippet":"max-snippet:-1","max-image-preview":"max-image-preview:large","max-video-preview":"max-video-preview:-1"},"canonical":"https:\/\/poggenpohlmallorca.com\/en\/nuestros-proyectos\/","og_locale":"en_US","og_type":"article","og_title":"Nuestros proyectos - Poggenpohl Mallorca","og_description":"[ nuestros dise\u00f1os ] Algunos proyectospara nuestros clientes Todos +Modo Doble Doble +Modo Cocina rosa en Calvi\u00e0 Cocina rosa en Calvi\u00e0 +Modo Kitchen for Small family Kitchen for Small family Loft Kitchen Interior doble Loft Kitchen Interior doble +Modo Loft Kitchen Interior #6 Loft Kitchen Interior #6 +Modo Loft Kitchen Interior #5 Loft Kitchen Interior [&hellip;]","og_url":"https:\/\/poggenpohlmallorca.com\/en\/nuestros-proyectos\/","og_site_name":"Poggenpohl Mallorca","article_publisher":"https:\/\/www.facebook.com\/p\/Poggenpohlmallorca-100083286881701\/","article_modified_time":"2024-10-17T10:29:07+00:00","og_image":[{"url":"https:\/\/poggenpohlmallorca.com\/wp-content\/uploads\/2024\/10\/encimera_thumbnail_test-720x720.png","type":"","width":"","height":""}],"twitter_card":"summary_large_image","schema":{"@context":"https:\/\/schema.org","@graph":[{"@type":"WebPage","@id":"https:\/\/poggenpohlmallorca.com\/nuestros-proyectos\/","url":"https:\/\/poggenpohlmallorca.com\/nuestros-proyectos\/","name":"Nuestros proyectos - Poggenpohl Mallorca","isPartOf":{"@id":"https:\/\/poggenpohlmallorca.com\/#website"},"primaryImageOfPage":{"@id":"https:\/\/poggenpohlmallorca.com\/nuestros-proyectos\/#primaryimage"},"image":{"@id":"https:\/\/poggenpohlmallorca.com\/nuestros-proyectos\/#primaryimage"},"thumbnailUrl":"https:\/\/poggenpohlmallorca.com\/wp-content\/uploads\/2024\/10\/encimera_thumbnail_test-720x720.png","datePublished":"2020-07-17T03:22:29+00:00","dateModified":"2024-10-17T10:29:07+00:00","breadcrumb":{"@id":"https:\/\/poggenpohlmallorca.com\/nuestros-proyectos\/#breadcrumb"},"inLanguage":"en-US","potentialAction":[{"@type":"ReadAction","target":["https:\/\/poggenpohlmallorca.com\/nuestros-proyectos\/"]}]},{"@type":"ImageObject","inLanguage":"en-US","@id":"https:\/\/poggenpohlmallorca.com\/nuestros-proyectos\/#primaryimage","url":"https:\/\/poggenpohlmallorca.com\/wp-content\/uploads\/2024\/10\/encimera_thumbnail_test-720x720.png","contentUrl":"https:\/\/poggenpohlmallorca.com\/wp-content\/uploads\/2024\/10\/encimera_thumbnail_test-720x720.png"},{"@type":"BreadcrumbList","@id":"https:\/\/poggenpohlmallorca.com\/nuestros-proyectos\/#breadcrumb","itemListElement":[{"@type":"ListItem","position":1,"name":"Home","item":"https:\/\/poggenpohlmallorca.com\/"},{"@type":"ListItem","position":2,"name":"Nuestros proyectos"}]},{"@type":"WebSite","@id":"https:\/\/poggenpohlmallorca.com\/#website","url":"https:\/\/poggenpohlmallorca.com\/","name":"Poggenpohl Mallorca","description":"Cocinas de lujo en Mallorca","publisher":{"@id":"https:\/\/poggenpohlmallorca.com\/#organization"},"potentialAction":[{"@type":"SearchAction","target":{"@type":"EntryPoint","urlTemplate":"https:\/\/poggenpohlmallorca.com\/?s={search_term_string}"},"query-input":{"@type":"PropertyValueSpecification","valueRequired":true,"valueName":"search_term_string"}}],"inLanguage":"en-US"},{"@type":"Organization","@id":"https:\/\/poggenpohlmallorca.com\/#organization","name":"Poggenpohl Mallorca","url":"https:\/\/poggenpohlmallorca.com\/","logo":{"@type":"ImageObject","inLanguage":"en-US","@id":"https:\/\/poggenpohlmallorca.com\/#\/schema\/logo\/image\/","url":"https:\/\/poggenpohlmallorca.com\/wp-content\/uploads\/2020\/04\/Poggenpohl_Logo_Black.svg","contentUrl":"https:\/\/poggenpohlmallorca.com\/wp-content\/uploads\/2020\/04\/Poggenpohl_Logo_Black.svg","width":75,"height":48,"caption":"Poggenpohl Mallorca"},"image":{"@id":"https:\/\/poggenpohlmallorca.com\/#\/schema\/logo\/image\/"},"sameAs":["https:\/\/www.facebook.com\/p\/Poggenpohlmallorca-100083286881701\/","https:\/\/www.instagram.com\/poggenpohlmallorca\/"]}]}},"_links":{"self":[{"href":"https:\/\/poggenpohlmallorca.com\/en\/wp-json\/wp\/v2\/pages\/4167"}],"collection":[{"href":"https:\/\/poggenpohlmallorca.com\/en\/wp-json\/wp\/v2\/pages"}],"about":[{"href":"https:\/\/poggenpohlmallorca.com\/en\/wp-json\/wp\/v2\/types\/page"}],"author":[{"embeddable":true,"href":"https:\/\/poggenpohlmallorca.com\/en\/wp-json\/wp\/v2\/users\/1"}],"replies":[{"embeddable":true,"href":"https:\/\/poggenpohlmallorca.com\/en\/wp-json\/wp\/v2\/comments?post=4167"}],"version-history":[{"count":10,"href":"https:\/\/poggenpohlmallorca.com\/en\/wp-json\/wp\/v2\/pages\/4167\/revisions"}],"predecessor-version":[{"id":4949,"href":"https:\/\/poggenpohlmallorca.com\/en\/wp-json\/wp\/v2\/pages\/4167\/revisions\/4949"}],"wp:attachment":[{"href":"https:\/\/poggenpohlmallorca.com\/en\/wp-json\/wp\/v2\/media?parent=4167"}],"curies":[{"name":"wp","href":"https:\/\/api.w.org\/{rel}","templated":true}]}}